{"id":89,"date":"2013-06-03T11:28:39","date_gmt":"2013-06-03T11:28:39","guid":{"rendered":"http:\/\/tabilar.endor.is\/?page_id=89"},"modified":"2013-06-03T11:28:39","modified_gmt":"2013-06-03T11:28:39","slug":"about-us","status":"publish","type":"page","link":"https:\/\/tabilar.is\/en\/about-us\/","title":{"rendered":"About us"},"content":{"rendered":"<p>\u00de.\u00c1. B\u00edlar (\u00de.\u00c1. Coaches) is a growing company in the field of group transportation. The owners, Thorir Jonsson (tel: + 354 898-1821) and Asmundur Sigurdsson (tel: +354 894-4330), both have decades of experience in driving and maintaining coaches. The company takes pride in offering good-quality and well-equipped vehicles that are suitable for every occasion, whether it is a trip to the theatre, going into Thorsmork or travelling around Iceland.<\/p>\n<p>The company employs drivers who have decades of experience in driving coaches. No job is too big or too small, as the company offers all sizes of vehicles.<\/p>\n<p>T.A. Coaches is based at Gagnheidi 36, 800 Selfoss, but takes on projects across the country.\u00a0<\/p>","protected":false},"excerpt":{"rendered":"<p>\u00de.\u00c1. B\u00edlar (\u00de.\u00c1. Coaches) is a growing company in the field of group transportation. The owners, Thorir Jonsson (tel: + 354 898-1821) and Asmundur Sigurdsson (tel: +354 894-4330), both have decades of experience in driving and maintaining coaches. The company takes pride in offering good-quality and well-equipped vehicles that are suitable for every occasion, whether [&hellip;]<\/p>\n","protected":false},"author":1,"featured_media":0,"parent":0,"menu_order":40,"comment_status":"closed","ping_status":"closed","template":"","meta":{"_exactmetrics_skip_tracking":false,"_exactmetrics_sitenote_active":false,"_exactmetrics_sitenote_note":"","_exactmetrics_sitenote_category":0,"footnotes":""},"class_list":["post-89","page","type-page","status-publish","hentry"],"_links":{"self":[{"href":"https:\/\/tabilar.is\/en\/wp-json\/wp\/v2\/pages\/89","targetHints":{"allow":["GET"]}}],"collection":[{"href":"https:\/\/tabilar.is\/en\/wp-json\/wp\/v2\/pages"}],"about":[{"href":"https:\/\/tabilar.is\/en\/wp-json\/wp\/v2\/types\/page"}],"author":[{"embeddable":true,"href":"https:\/\/tabilar.is\/en\/wp-json\/wp\/v2\/users\/1"}],"replies":[{"embeddable":true,"href":"https:\/\/tabilar.is\/en\/wp-json\/wp\/v2\/comments?post=89"}],"version-history":[{"count":1,"href":"https:\/\/tabilar.is\/en\/wp-json\/wp\/v2\/pages\/89\/revisions"}],"predecessor-version":[{"id":90,"href":"https:\/\/tabilar.is\/en\/wp-json\/wp\/v2\/pages\/89\/revisions\/90"}],"wp:attachment":[{"href":"https:\/\/tabilar.is\/en\/wp-json\/wp\/v2\/media?parent=89"}],"curies":[{"name":"wp","href":"https:\/\/api.w.org\/{rel}","templated":true}]}}