{"id":110,"date":"2013-06-04T15:46:12","date_gmt":"2013-06-04T15:46:12","guid":{"rendered":"http:\/\/tabilar.endor.is\/?page_id=110"},"modified":"2013-06-04T15:46:12","modified_gmt":"2013-06-04T15:46:12","slug":"uber-uns","status":"publish","type":"page","link":"https:\/\/tabilar.is\/de\/uber-uns\/","title":{"rendered":"\u00dcber uns"},"content":{"rendered":"<p>T.A. Coaches ist ein wachsendes Unternehmen im Bereich des Gruppentransports. Die beiden Besitzer Thorir Jonsson (Tel.: +354 898-1821) und Asmundur Sigurdsson (Tel.: +354 894-4330) haben jahrzehntelange Erfahrung im Fahren und Warten von Bussen. Das Unternehmen ist Stolz auf seine qualitativen und gut ausgestatteten Fahrzeuge, die zu jedem Anlass passen, egal, ob es ins Theater, zum \u00de\u00f3rsm\u00f6rk oder um eine Rundreise durch Island geht.<\/p>\n<p>Die Fahrer des Unternehmens verf\u00fcgen \u00fcber eine jahrzehntelange Erfahrung. Kein Job ist zu gro\u00df oder zu klein, da das Unternehmen Fahrzeuge jeder erdenklichen Gr\u00f6\u00dfe anbietet.<\/p>\n<p>T.A. Coaches hat seinen Sitz in Gagnheidi 36, 800 Selfoss, aber \u00fcbernimmt Auftr\u00e4ge im ganzen Land.\u00a0<\/p>","protected":false},"excerpt":{"rendered":"<p>T.A. Coaches ist ein wachsendes Unternehmen im Bereich des Gruppentransports. Die beiden Besitzer Thorir Jonsson (Tel.: +354 898-1821) und Asmundur Sigurdsson (Tel.: +354 894-4330) haben jahrzehntelange Erfahrung im Fahren und Warten von Bussen. Das Unternehmen ist Stolz auf seine qualitativen und gut ausgestatteten Fahrzeuge, die zu jedem Anlass passen, egal, ob es ins Theater, zum [&hellip;]<\/p>\n","protected":false},"author":1,"featured_media":0,"parent":0,"menu_order":40,"comment_status":"closed","ping_status":"closed","template":"","meta":{"_exactmetrics_skip_tracking":false,"_exactmetrics_sitenote_active":false,"_exactmetrics_sitenote_note":"","_exactmetrics_sitenote_category":0,"footnotes":""},"class_list":["post-110","page","type-page","status-publish","hentry"],"_links":{"self":[{"href":"https:\/\/tabilar.is\/de\/wp-json\/wp\/v2\/pages\/110","targetHints":{"allow":["GET"]}}],"collection":[{"href":"https:\/\/tabilar.is\/de\/wp-json\/wp\/v2\/pages"}],"about":[{"href":"https:\/\/tabilar.is\/de\/wp-json\/wp\/v2\/types\/page"}],"author":[{"embeddable":true,"href":"https:\/\/tabilar.is\/de\/wp-json\/wp\/v2\/users\/1"}],"replies":[{"embeddable":true,"href":"https:\/\/tabilar.is\/de\/wp-json\/wp\/v2\/comments?post=110"}],"version-history":[{"count":1,"href":"https:\/\/tabilar.is\/de\/wp-json\/wp\/v2\/pages\/110\/revisions"}],"predecessor-version":[{"id":111,"href":"https:\/\/tabilar.is\/de\/wp-json\/wp\/v2\/pages\/110\/revisions\/111"}],"wp:attachment":[{"href":"https:\/\/tabilar.is\/de\/wp-json\/wp\/v2\/media?parent=110"}],"curies":[{"name":"wp","href":"https:\/\/api.w.org\/{rel}","templated":true}]}}