{"id":109,"date":"2013-06-04T15:45:12","date_gmt":"2013-06-04T15:45:12","guid":{"rendered":"http:\/\/tabilar.endor.is\/?page_id=109"},"modified":"2013-06-04T15:45:12","modified_gmt":"2013-06-04T15:45:12","slug":"services-2","status":"publish","type":"page","link":"https:\/\/tabilar.is\/de\/services-2\/","title":{"rendered":"Services"},"content":{"rendered":"<p>Welche Services wir anbieten?<\/p>\n<p>T.A. Coaches verf\u00fcgt \u00fcber Busse aller Gr\u00f6\u00dfen und Arten, passend zu jedem Anlass. Die meisten Fahrzeuge verf\u00fcgen beispielsweise \u00fcber DVD-Player und TV-Ger\u00e4te. T.A. Coaches kann den Transport f\u00fcr verschieden Anl\u00e4sse \u00fcbernehmen. Wir k\u00f6nnen Sie zu Geburtstagsfeiern, zum Thorra-blot (das Opferfest im letzten Wintermonat), zum Theater, B\u00e4llen und Tanzveranstaltungen, Schulfeiern und vielem mehr fahren und auch wieder abholen. Wir haben auch bereits Schulbusse f\u00fcr verschiedene Gemeinden gefahren.<\/p>\n<p>Wir hei\u00dfen auch Gruppen f\u00fcr Mystery Tours und Junggesellenabschiede herzlich willkommen und k\u00f6nnen auf Anfrage bei der Organisation solcher Trips behilflich sein. Egal ob eine schnelle Fahrt zum Flughafen, Anreisen zu Sportwettk\u00e4mpfen oder eine Reise irgendwo hin anstehen, es lohnt sich, ein Angebot bei uns einzuholen \u2013 der Preis wird Sie \u00fcberraschen.<\/p>\n<p>Unser Angebot<\/p>\n<ul>\n<li>Kurztrips<\/li>\n<li>L\u00e4ngere Trips<\/li>\n<li>Mystery Tours<\/li>\n<li>Bergtouren<\/li>\n<li>Entertainment-Touren<\/li>\n<li>Erstklassige Fahrzeuge<\/li>\n<li>Hochqualitative Services<\/li>\n<li>G\u00fcnstige Preise<\/li>\n<\/ul>","protected":false},"excerpt":{"rendered":"<p>Welche Services wir anbieten? T.A. Coaches verf\u00fcgt \u00fcber Busse aller Gr\u00f6\u00dfen und Arten, passend zu jedem Anlass. Die meisten Fahrzeuge verf\u00fcgen beispielsweise \u00fcber DVD-Player und TV-Ger\u00e4te. T.A. Coaches kann den Transport f\u00fcr verschieden Anl\u00e4sse \u00fcbernehmen. Wir k\u00f6nnen Sie zu Geburtstagsfeiern, zum Thorra-blot (das Opferfest im letzten Wintermonat), zum Theater, B\u00e4llen und Tanzveranstaltungen, Schulfeiern und vielem [&hellip;]<\/p>\n","protected":false},"author":1,"featured_media":0,"parent":0,"menu_order":10,"comment_status":"closed","ping_status":"closed","template":"","meta":{"_exactmetrics_skip_tracking":false,"_exactmetrics_sitenote_active":false,"_exactmetrics_sitenote_note":"","_exactmetrics_sitenote_category":0,"footnotes":""},"class_list":["post-109","page","type-page","status-publish","hentry"],"_links":{"self":[{"href":"https:\/\/tabilar.is\/de\/wp-json\/wp\/v2\/pages\/109","targetHints":{"allow":["GET"]}}],"collection":[{"href":"https:\/\/tabilar.is\/de\/wp-json\/wp\/v2\/pages"}],"about":[{"href":"https:\/\/tabilar.is\/de\/wp-json\/wp\/v2\/types\/page"}],"author":[{"embeddable":true,"href":"https:\/\/tabilar.is\/de\/wp-json\/wp\/v2\/users\/1"}],"replies":[{"embeddable":true,"href":"https:\/\/tabilar.is\/de\/wp-json\/wp\/v2\/comments?post=109"}],"version-history":[{"count":0,"href":"https:\/\/tabilar.is\/de\/wp-json\/wp\/v2\/pages\/109\/revisions"}],"wp:attachment":[{"href":"https:\/\/tabilar.is\/de\/wp-json\/wp\/v2\/media?parent=109"}],"curies":[{"name":"wp","href":"https:\/\/api.w.org\/{rel}","templated":true}]}}