{"id":107,"date":"2013-06-04T15:44:23","date_gmt":"2013-06-04T15:44:23","guid":{"rendered":"http:\/\/tabilar.endor.is\/?page_id=107"},"modified":"2013-06-04T15:44:23","modified_gmt":"2013-06-04T15:44:23","slug":"startseite","status":"publish","type":"page","link":"https:\/\/tabilar.is\/de\/","title":{"rendered":"Startseite"},"content":{"rendered":"<p>Es ist \u00fcblich, dass Besucher Island sowohl in kleinen als auch in gro\u00dfen Gruppen bereisen wollen. Es ist eine clevere Idee, sich ein Fahrzeug von T.A. Coaches zu mieten und durch Island zu reisen. So bleibt die gesamte Gruppe im Bus beisammen, h\u00e4lt an allen Naturwundern Islands und jeder kann den Trip genie\u00dfen.<\/p>\n<p>Trips ins Hochland werden immer beliebter, aber nicht jeder hat das Gl\u00fcck, ein Fahrzeug zu haben, mit dem man das isl\u00e4ndische Hochland bereisen kann. In diesen F\u00e4llen ist es ideal, sich ein Fahrzeug von T.A. Coaches zu mieten und so sicher ins Hochland zu reisen, in Bergh\u00fctten einzukehren oder sogar von H\u00fctte zu H\u00fctte zu wandern, w\u00e4hrend Ihr Gep\u00e4ck im Bus aufbewahrt wird.<\/p>","protected":false},"excerpt":{"rendered":"<p>Es ist \u00fcblich, dass Besucher Island sowohl in kleinen als auch in gro\u00dfen Gruppen bereisen wollen. Es ist eine clevere Idee, sich ein Fahrzeug von T.A. Coaches zu mieten und durch Island zu reisen. So bleibt die gesamte Gruppe im Bus beisammen, h\u00e4lt an allen Naturwundern Islands und jeder kann den Trip genie\u00dfen. Trips ins [&hellip;]<\/p>\n","protected":false},"author":1,"featured_media":0,"parent":0,"menu_order":0,"comment_status":"closed","ping_status":"closed","template":"","meta":{"_exactmetrics_skip_tracking":false,"_exactmetrics_sitenote_active":false,"_exactmetrics_sitenote_note":"","_exactmetrics_sitenote_category":0,"footnotes":""},"class_list":["post-107","page","type-page","status-publish","hentry"],"_links":{"self":[{"href":"https:\/\/tabilar.is\/de\/wp-json\/wp\/v2\/pages\/107","targetHints":{"allow":["GET"]}}],"collection":[{"href":"https:\/\/tabilar.is\/de\/wp-json\/wp\/v2\/pages"}],"about":[{"href":"https:\/\/tabilar.is\/de\/wp-json\/wp\/v2\/types\/page"}],"author":[{"embeddable":true,"href":"https:\/\/tabilar.is\/de\/wp-json\/wp\/v2\/users\/1"}],"replies":[{"embeddable":true,"href":"https:\/\/tabilar.is\/de\/wp-json\/wp\/v2\/comments?post=107"}],"version-history":[{"count":1,"href":"https:\/\/tabilar.is\/de\/wp-json\/wp\/v2\/pages\/107\/revisions"}],"predecessor-version":[{"id":108,"href":"https:\/\/tabilar.is\/de\/wp-json\/wp\/v2\/pages\/107\/revisions\/108"}],"wp:attachment":[{"href":"https:\/\/tabilar.is\/de\/wp-json\/wp\/v2\/media?parent=107"}],"curies":[{"name":"wp","href":"https:\/\/api.w.org\/{rel}","templated":true}]}}